{"id":64,"date":"2025-02-06T13:47:51","date_gmt":"2025-02-06T13:47:51","guid":{"rendered":"https:\/\/covenant.paris\/?page_id=64"},"modified":"2025-02-24T16:15:08","modified_gmt":"2025-02-24T16:15:08","slug":"home-nopic","status":"publish","type":"page","link":"https:\/\/covenant.paris\/","title":{"rendered":""},"content":{"rendered":"\n<div class=\"wp-block-group alignfull is-layout-flow wp-block-group-is-layout-flow\">\n<div class=\"wp-block-group alignfull has-global-padding is-layout-constrained wp-block-group-is-layout-constrained\" style=\"padding-top:var(--wp--preset--spacing--50);padding-bottom:var(--wp--preset--spacing--50)\">\n<div class=\"wp-block-columns alignwide is-layout-flex wp-container-core-columns-is-layout-1 wp-block-columns-is-layout-flex\" style=\"padding-top:var(--wp--preset--spacing--80);padding-bottom:var(--wp--preset--spacing--50)\">\n<div class=\"wp-block-column is-layout-flow wp-block-column-is-layout-flow\" style=\"flex-basis:80%\">\n<h2 class=\"wp-block-heading alignwide has-accent-5-background-color has-background has-x-large-font-size\">Covenant Cultural Engineering aide les marques ou institutions \u00e0 cr\u00e9er et packager des formats d&#8217;entertainment inventifs au format vid\u00e9o ou livre, pour mieux naviguer dans un monde satur\u00e9 d&#8217;informations.<\/h2>\n<\/div>\n\n\n\n<div class=\"wp-block-column is-layout-flow wp-block-column-is-layout-flow\" style=\"flex-basis:50%\">\n<div style=\"height:var(--wp--preset--spacing--20)\" aria-hidden=\"true\" class=\"wp-block-spacer\"><\/div>\n<\/div>\n<\/div>\n<\/div>\n<\/div>\n\n\n\n<div class=\"wp-block-query alignwide is-layout-flow wp-block-query-is-layout-flow\"><ul class=\"columns-2 wp-block-post-template is-layout-grid wp-container-core-post-template-is-layout-1 wp-block-post-template-is-layout-grid\"><li class=\"wp-block-post post-5 post type-post status-publish format-standard has-post-thumbnail hentry category-uncategorized tag-main\">\n\n<div class=\"wp-block-group is-layout-flow wp-block-group-is-layout-flow\" style=\"padding-top:30px;padding-right:30px;padding-bottom:30px;padding-left:30px\"><h2 class=\"wp-block-post-title\"><a href=\"https:\/\/covenant.paris\/?p=5\" target=\"_self\" >Branded Entertainment<\/a><\/h2>\n\n<div class=\"wp-block-post-excerpt\"><p class=\"wp-block-post-excerpt__excerpt\">Le branded entertainment repr\u00e9sente un nouveau paradigme dans lequel les marques peuvent cr\u00e9er un meilleur contenu divertissant et que les gens veulent r\u00e9ellement voir. Le branded entertainment est une strat\u00e9gie marketing qui int\u00e8gre une marque dans du contenu divertissant, comme des films, des s\u00e9ries t\u00e9l\u00e9vis\u00e9es, des jeux vid\u00e9o ou des \u00e9v\u00e9nements, afin de promouvoir la&hellip; <\/p><\/div>\n\n<div class=\"wp-block-post-date\"><time datetime=\"2025-01-23T21:39:17+00:00\">January 23, 2025<\/time><\/div><\/div>\n\n<\/li><li class=\"wp-block-post post-1 post type-post status-publish format-standard has-post-thumbnail hentry category-uncategorized tag-main\">\n\n<div class=\"wp-block-group is-layout-flow wp-block-group-is-layout-flow\" style=\"padding-top:30px;padding-right:30px;padding-bottom:30px;padding-left:30px\"><h2 class=\"wp-block-post-title\"><a href=\"https:\/\/covenant.paris\/?p=1\" target=\"_self\" >Edition<\/a><\/h2>\n\n<div class=\"wp-block-post-excerpt\"><p class=\"wp-block-post-excerpt__excerpt\">Avec plus de 100 livres \u00e9dit\u00e9s, Covenant Cultural Engineering dispose d&#8217;une expertise dans la conversion de probl\u00e9matiques d&#8217;entreprises en aventures \u00e9ditoriales qui \u00e9l\u00e8vent la marque dans un domaine culturel. De nombreuses marques nous ont fait confiance: Boeing, le CERN, la Cit\u00e9 de la Dentelle, le Club 55, Deutsche Grammophon, Dom Perignon, le Cercle de Excellence&hellip; <\/p><\/div>\n\n<div class=\"wp-block-post-date\"><time datetime=\"2025-01-23T21:35:23+00:00\">January 23, 2025<\/time><\/div><\/div>\n\n<\/li><\/ul><\/div>\n\n\n\n<div class=\"wp-block-group alignfull is-layout-flow wp-block-group-is-layout-flow\">\n<div class=\"wp-block-group alignfull has-global-padding is-layout-constrained wp-block-group-is-layout-constrained\" style=\"padding-top:var(--wp--preset--spacing--50);padding-bottom:var(--wp--preset--spacing--50)\">\n<div class=\"wp-block-columns alignwide is-layout-flex wp-container-core-columns-is-layout-2 wp-block-columns-is-layout-flex\" style=\"padding-top:var(--wp--preset--spacing--80);padding-bottom:var(--wp--preset--spacing--50)\">\n<div class=\"wp-block-column is-layout-flow wp-block-column-is-layout-flow\" style=\"flex-basis:80%\">\n<h2 class=\"wp-block-heading alignwide has-accent-5-background-color has-background has-x-large-font-size\">Covenant Cultural Engineering d\u00e9veloppe actuellement 2 longs m\u00e9trages de branded entertainment.<\/h2>\n<\/div>\n\n\n\n<div class=\"wp-block-column is-layout-flow wp-block-column-is-layout-flow\" style=\"flex-basis:50%\">\n<div style=\"height:var(--wp--preset--spacing--20)\" aria-hidden=\"true\" class=\"wp-block-spacer\"><\/div>\n<\/div>\n<\/div>\n<\/div>\n<\/div>\n\n\n\n<div class=\"wp-block-query alignwide is-layout-flow wp-block-query-is-layout-flow\"><ul class=\"columns-2 wp-block-post-template is-layout-grid wp-container-core-post-template-is-layout-2 wp-block-post-template-is-layout-grid\"><li class=\"wp-block-post post-188 post type-post status-publish format-standard has-post-thumbnail hentry category-branded-entertainment category-in-progress category-industry category-science-tech\">\n\n<div class=\"wp-block-group is-layout-flow wp-block-group-is-layout-flow\" style=\"padding-top:30px;padding-right:30px;padding-bottom:30px;padding-left:30px\"><h2 class=\"wp-block-post-title\"><a href=\"https:\/\/covenant.paris\/?p=188\" target=\"_self\" >Les batailles de la m\u00e9moire<\/a><\/h2>\n\n<div class=\"wp-block-post-excerpt\"><p class=\"wp-block-post-excerpt__excerpt\">Tu peux oublier la m\u00e9moire, mais la m\u00e9moire ne t&#8217;oubliera pas. De la Plan\u00e8te des Singes \u00e0 la s\u00e9rie Silo en passant par Foundation, la science-fiction s\u2019interroge sur la fragilit\u00e9 de l\u2019humanit\u00e9 et son incapacit\u00e9 \u00e0 apprendre et se souvenir. Les batailles de la m\u00e9moire seront un voyage au coeur de la m\u00e9moire et du&hellip; <\/p><\/div>\n\n<div class=\"wp-block-post-date\"><time datetime=\"2025-02-10T18:27:40+00:00\">February 10, 2025<\/time><\/div><\/div>\n\n<\/li><li class=\"wp-block-post post-194 post type-post status-publish format-standard has-post-thumbnail hentry category-branded-entertainment category-science-tech\">\n\n<div class=\"wp-block-group is-layout-flow wp-block-group-is-layout-flow\" style=\"padding-top:30px;padding-right:30px;padding-bottom:30px;padding-left:30px\"><h2 class=\"wp-block-post-title\"><a href=\"https:\/\/covenant.paris\/?p=194\" target=\"_self\" >Long m\u00e9trage 2<\/a><\/h2>\n\n<div class=\"wp-block-post-excerpt\"><p class=\"wp-block-post-excerpt__excerpt\">Notre partenaire est un acteur majeur de la recherche fondamentale \u00e0 l\u2019\u00e9chelle mondiale, dont la communication produit est tr\u00e8s complexe. Notre long m\u00e9trage visera \u00e0 briser son plafond de verre pour atteindre un r\u00e9el grand public, et d\u00e9velopper un discours inspirationnel parall\u00e8le au discours produit, \u00e0 l\u2019attention de ses trois publics cibles : la soci\u00e9t\u00e9&hellip; <\/p><\/div>\n\n<div class=\"wp-block-post-date\"><time datetime=\"2025-02-10T18:39:29+00:00\">February 10, 2025<\/time><\/div><\/div>\n\n<\/li><\/ul><\/div>\n\n\n\n<div class=\"wp-block-query alignwide is-layout-flow wp-block-query-is-layout-flow\"><ul class=\"columns-3 wp-block-post-template is-layout-grid wp-container-core-post-template-is-layout-3 wp-block-post-template-is-layout-grid\"><li class=\"wp-block-post post-282 post type-post status-publish format-standard has-post-thumbnail hentry category-corporate-publishing category-industry\">\n\n<div class=\"wp-block-group is-layout-flow wp-block-group-is-layout-flow\" style=\"padding-top:30px;padding-right:30px;padding-bottom:30px;padding-left:30px\"><h2 class=\"wp-block-post-title\"><a href=\"https:\/\/covenant.paris\/?p=282\" target=\"_self\" >Eurotunnel: 24h sous la Manche<\/a><\/h2>\n\n<div class=\"wp-block-post-excerpt\"><p class=\"wp-block-post-excerpt__excerpt\">L\u2019\u0153il de Jean Gaumy, de l&#8217;agence Magnum, apporte dans Eurotunnel : 24 heures sous la Manche un regard neuf et in\u00e9dit sur la complexit\u00e9 et la pr\u00e9cision de ce qui demeure la plus remarquable r\u00e9alisation technologique du vingti\u00e8me si\u00e8cle. Enrichi d\u2019un texte passionnant, ponctu\u00e9 de t\u00e9moignages chaleureux de nombreuses personnalit\u00e9s (Charlotte Rampling, Pierre Gagnaire, etc)&hellip; <\/p><\/div>\n\n<div class=\"wp-block-post-date\"><time datetime=\"2025-02-11T11:38:18+00:00\">February 11, 2025<\/time><\/div><\/div>\n\n\n\n<p><\/p>\n\n<\/li><li class=\"wp-block-post post-277 post type-post status-publish format-standard has-post-thumbnail hentry category-corporate-publishing category-industry\">\n\n<div class=\"wp-block-group is-layout-flow wp-block-group-is-layout-flow\" style=\"padding-top:30px;padding-right:30px;padding-bottom:30px;padding-left:30px\"><h2 class=\"wp-block-post-title\"><a href=\"https:\/\/covenant.paris\/?p=277\" target=\"_self\" >Conduites invisibles<\/a><\/h2>\n\n<div class=\"wp-block-post-excerpt\"><p class=\"wp-block-post-excerpt__excerpt\">Dans Conduites invisibles &#8211; Canalisateurs au XXIe si\u00e8cle, photographie, litt\u00e9rature et musique s&#8217;emparent des th\u00e9matiques du BTP et offrent une nouvelle image de ses m\u00e9tiers et de ses acteurs. Un ouvrage compos\u00e9 de nombreux portraits, r\u00e9cits, analyses et t\u00e9moignages. \u00ab Il nous a paru n\u00e9cessaire de rendre hommage aux femmes et aux hommes qui, chaque&hellip; <\/p><\/div>\n\n<div class=\"wp-block-post-date\"><time datetime=\"2025-02-11T11:35:13+00:00\">February 11, 2025<\/time><\/div><\/div>\n\n\n\n<p><\/p>\n\n<\/li><li class=\"wp-block-post post-182 post type-post status-publish format-standard has-post-thumbnail hentry category-corporate-publishing category-entertainment tag-classical tag-music tag-universal-music\">\n\n<div class=\"wp-block-group is-layout-flow wp-block-group-is-layout-flow\" style=\"padding-top:30px;padding-right:30px;padding-bottom:30px;padding-left:30px\"><h2 class=\"wp-block-post-title\"><a href=\"https:\/\/covenant.paris\/?p=182\" target=\"_self\" >Deutsche Grammophon State of the Art<\/a><\/h2>\n\n<div class=\"wp-block-post-excerpt\"><p class=\"wp-block-post-excerpt__excerpt\">Deutsche Grammophon a fait plus que tout autre label pour d\u00e9finir la sc\u00e8ne musicale classique et l\u2019industrie du disque. \u2018State of the Art\u2019 est la chronique exclusive du l\u00e9gendaire Label Jaune, issue d\u2019un acc\u00e8s in\u00e9dit aux archives de Deutsche Grammophon et comportant des interviews d\u2019artistes, d\u2019historiens, de producteurs, d\u2019ing\u00e9nieurs du son, et d\u2019anciens et actuels&hellip; <\/p><\/div>\n\n<div class=\"wp-block-post-date\"><time datetime=\"2025-02-10T18:17:31+00:00\">February 10, 2025<\/time><\/div><\/div>\n\n\n\n<p><\/p>\n\n<\/li><li class=\"wp-block-post post-168 post type-post status-publish format-standard has-post-thumbnail hentry category-corporate-publishing category-entertainment tag-caisse-des-depots-et-consignations tag-cdc tag-music\">\n\n<div class=\"wp-block-group is-layout-flow wp-block-group-is-layout-flow\" style=\"padding-top:30px;padding-right:30px;padding-bottom:30px;padding-left:30px\"><h2 class=\"wp-block-post-title\"><a href=\"https:\/\/covenant.paris\/?p=168\" target=\"_self\" >Centenaire du Th\u00e9\u00e2tre des Champs Elys\u00e9es<\/a><\/h2>\n\n<div class=\"wp-block-post-excerpt\"><p class=\"wp-block-post-excerpt__excerpt\">L\u2019ouvrage d\u00e9finitif publi\u00e9 pour le centenaire de \u00ab ce grand salon de musique \u00bb, selon l\u2019expression de Raymond Soubie, qui pr\u00e9side le conseil d\u2019administration du Th\u00e9atre des Champs Elys\u00e9es depuis plus de 40 ans. Le pr\u00e9sident Soubie est le premier \u00e0 pr\u00e9facer cet \u00e9norme et merveilleusement illustr\u00e9 ouvrage collectif. Les nombreux auteurs traitent de fa\u00e7on&hellip; <\/p><\/div>\n\n<div class=\"wp-block-post-date\"><time datetime=\"2025-02-10T17:29:54+00:00\">February 10, 2025<\/time><\/div><\/div>\n\n\n\n<p><\/p>\n\n<\/li><li class=\"wp-block-post post-101 post type-post status-publish format-standard has-post-thumbnail hentry category-corporate-publishing category-entertainment tag-music tag-radio\">\n\n<div class=\"wp-block-group is-layout-flow wp-block-group-is-layout-flow\" style=\"padding-top:30px;padding-right:30px;padding-bottom:30px;padding-left:30px\"><h2 class=\"wp-block-post-title\"><a href=\"https:\/\/covenant.paris\/?p=101\" target=\"_self\" >NRJ Book<\/a><\/h2>\n\n<div class=\"wp-block-post-excerpt\"><p class=\"wp-block-post-excerpt__excerpt\">Cr\u00e9\u00e9e dans un studio-kitchenette au 6eme \u00e9tage d\u2019un immeuble dans le quartier de M\u00e9nilmontant, NRJ s\u2019est impos\u00e9e au fil des ann\u00e9es, en radio, en t\u00e9l\u00e9vision, dans les r\u00e9seaux et sur la sc\u00e8ne, en battant tous les records de popularit\u00e9. NRJ a r\u00e9invent\u00e9 les r\u00e8gles dans le monde des m\u00e9dias.NRJ Book raconte pour la premi\u00e8re fois&hellip; <\/p><\/div>\n\n<div class=\"wp-block-post-date\"><time datetime=\"2025-02-06T13:31:01+00:00\">February 6, 2025<\/time><\/div><\/div>\n\n\n\n<p><\/p>\n\n<\/li><li class=\"wp-block-post post-84 post type-post status-publish format-standard has-post-thumbnail hentry category-automotive category-corporate-publishing tag-champagne tag-ferrari tag-lvmh\">\n\n<div class=\"wp-block-group is-layout-flow wp-block-group-is-layout-flow\" style=\"padding-top:30px;padding-right:30px;padding-bottom:30px;padding-left:30px\"><h2 class=\"wp-block-post-title\"><a href=\"https:\/\/covenant.paris\/?p=84\" target=\"_self\" >250GTO: Dom Perignon x Ferrari<\/a><\/h2>\n\n<div class=\"wp-block-post-excerpt\"><p class=\"wp-block-post-excerpt__excerpt\">Dom P\u00e9rignon est connu pour ses engagements et ses prises de risques, comme par exemple le fait de ne produire que des vins mill\u00e9sim\u00e9s. Richard Geoffroy, ma\u00eetre de chai Dom P\u00e9rignon, se consacre \u00e0 une qu\u00eate sans fin de perfection absolue pour faire de Dom P\u00e9rignon une exp\u00e9rience unique. Le 50\u00e8me Anniversaire de la 250GTO&hellip; <\/p><\/div>\n\n<div class=\"wp-block-post-date\"><time datetime=\"2025-02-06T12:15:26+00:00\">February 6, 2025<\/time><\/div><\/div>\n\n\n\n<p><\/p>\n\n<\/li><\/ul><\/div>\n\n\n\n<div class=\"wp-block-group alignfull is-layout-flow wp-block-group-is-layout-flow\">\n<div class=\"wp-block-group alignfull has-global-padding is-layout-constrained wp-block-group-is-layout-constrained\" style=\"padding-top:var(--wp--preset--spacing--50);padding-bottom:var(--wp--preset--spacing--50)\">\n<div class=\"wp-block-columns alignwide is-layout-flex wp-container-core-columns-is-layout-3 wp-block-columns-is-layout-flex\" style=\"padding-top:var(--wp--preset--spacing--80);padding-bottom:var(--wp--preset--spacing--50)\">\n<div class=\"wp-block-column is-vertically-aligned-bottom is-layout-flow wp-block-column-is-layout-flow\" style=\"flex-basis:100%\">\n<h2 class=\"wp-block-heading alignwide has-text-align-center has-base-background-color has-background has-x-large-font-size\">Ils nous font confiance:<\/h2>\n<\/div>\n<\/div>\n<\/div>\n<\/div>\n\n\n\n<figure class=\"wp-block-gallery has-nested-images columns-6 wp-block-gallery-1 is-layout-flex wp-block-gallery-is-layout-flex\">\n<figure class=\"wp-block-image aligncenter size-large\"><img loading=\"lazy\" decoding=\"async\" width=\"1500\" height=\"350\" data-id=\"331\" src=\"https:\/\/covenant.paris\/wp-content\/uploads\/2025\/02\/Boeing.png\" alt=\"\" class=\"wp-image-331\"\/><\/figure>\n\n\n\n<figure class=\"wp-block-image alignleft size-large\"><img loading=\"lazy\" decoding=\"async\" width=\"3509\" height=\"2481\" data-id=\"328\" src=\"https:\/\/covenant.paris\/wp-content\/uploads\/2025\/02\/Stellantis.jpg\" alt=\"\" class=\"wp-image-328\"\/><\/figure>\n\n\n\n<figure class=\"wp-block-image size-large\"><img loading=\"lazy\" decoding=\"async\" width=\"1200\" height=\"1200\" data-id=\"316\" src=\"https:\/\/covenant.paris\/wp-content\/uploads\/2025\/02\/CERN.png\" alt=\"\" class=\"wp-image-316\"\/><\/figure>\n\n\n\n<figure class=\"wp-block-image size-large\"><img loading=\"lazy\" decoding=\"async\" width=\"300\" height=\"256\" data-id=\"323\" src=\"https:\/\/covenant.paris\/wp-content\/uploads\/2025\/02\/fntp.png\" alt=\"\" class=\"wp-image-323\"\/><\/figure>\n\n\n\n<figure class=\"wp-block-image size-large\"><img loading=\"lazy\" decoding=\"async\" width=\"2366\" height=\"2047\" data-id=\"327\" src=\"https:\/\/covenant.paris\/wp-content\/uploads\/2025\/02\/TAG.png\" alt=\"\" class=\"wp-image-327\"\/><\/figure>\n\n\n\n<figure class=\"wp-block-image size-large\"><img loading=\"lazy\" decoding=\"async\" width=\"1200\" height=\"675\" data-id=\"325\" src=\"https:\/\/covenant.paris\/wp-content\/uploads\/2025\/02\/Rolex.png\" alt=\"\" class=\"wp-image-325\"\/><\/figure>\n\n\n\n<figure class=\"wp-block-image size-large\"><img loading=\"lazy\" decoding=\"async\" width=\"225\" height=\"225\" data-id=\"313\" src=\"https:\/\/covenant.paris\/wp-content\/uploads\/2025\/02\/andra.jpg\" alt=\"\" class=\"wp-image-313\"\/><\/figure>\n\n\n\n<figure class=\"wp-block-image size-large\"><img loading=\"lazy\" decoding=\"async\" width=\"265\" height=\"190\" data-id=\"329\" src=\"https:\/\/covenant.paris\/wp-content\/uploads\/2025\/02\/TCE.png\" alt=\"\" class=\"wp-image-329\"\/><\/figure>\n\n\n\n<figure class=\"wp-block-image size-large\"><img loading=\"lazy\" decoding=\"async\" width=\"2000\" height=\"2000\" data-id=\"333\" src=\"https:\/\/covenant.paris\/wp-content\/uploads\/2025\/02\/nrj.png\" alt=\"\" class=\"wp-image-333\"\/><\/figure>\n\n\n\n<figure class=\"wp-block-image size-large\"><img loading=\"lazy\" decoding=\"async\" width=\"1200\" height=\"689\" data-id=\"320\" src=\"https:\/\/covenant.paris\/wp-content\/uploads\/2025\/02\/DG.png\" alt=\"\" class=\"wp-image-320\"\/><\/figure>\n\n\n\n<figure class=\"wp-block-image size-large\"><img loading=\"lazy\" decoding=\"async\" width=\"683\" height=\"394\" data-id=\"324\" src=\"https:\/\/covenant.paris\/wp-content\/uploads\/2025\/02\/qnb.png\" alt=\"\" class=\"wp-image-324\"\/><\/figure>\n\n\n\n<figure class=\"wp-block-image size-large\"><img loading=\"lazy\" decoding=\"async\" width=\"1080\" height=\"1080\" data-id=\"317\" src=\"https:\/\/covenant.paris\/wp-content\/uploads\/2025\/02\/COET.png\" alt=\"\" class=\"wp-image-317\"\/><\/figure>\n\n\n\n<figure class=\"wp-block-image size-large\"><img loading=\"lazy\" decoding=\"async\" width=\"1200\" height=\"459\" data-id=\"319\" src=\"https:\/\/covenant.paris\/wp-content\/uploads\/2025\/02\/Dom_Perignon.png\" alt=\"\" class=\"wp-image-319\"\/><\/figure>\n\n\n\n<figure class=\"wp-block-image size-large\"><img loading=\"lazy\" decoding=\"async\" width=\"1500\" height=\"1000\" data-id=\"332\" src=\"https:\/\/covenant.paris\/wp-content\/uploads\/2025\/02\/CiteDentelleMode.png\" alt=\"\" class=\"wp-image-332\"\/><\/figure>\n\n\n\n<figure class=\"wp-block-image size-large\"><img loading=\"lazy\" decoding=\"async\" width=\"509\" height=\"170\" data-id=\"321\" src=\"https:\/\/covenant.paris\/wp-content\/uploads\/2025\/02\/EF.png\" alt=\"\" class=\"wp-image-321\"\/><\/figure>\n\n\n\n<figure class=\"wp-block-image size-large\"><img loading=\"lazy\" decoding=\"async\" width=\"879\" height=\"423\" data-id=\"334\" src=\"https:\/\/covenant.paris\/wp-content\/uploads\/2025\/02\/senequier.png\" alt=\"\" class=\"wp-image-334\"\/><\/figure>\n\n\n\n<figure class=\"wp-block-image size-large\"><img loading=\"lazy\" decoding=\"async\" width=\"2000\" height=\"1124\" data-id=\"318\" src=\"https:\/\/covenant.paris\/wp-content\/uploads\/2025\/02\/al-jazeera.png\" alt=\"\" class=\"wp-image-318\"\/><\/figure>\n<\/figure>\n","protected":false},"excerpt":{"rendered":"<p>Covenant Cultural Engineering aide les marques ou institutions \u00e0 cr\u00e9er et packager des formats d&#8217;entertainment inventifs au format vid\u00e9o ou livre, pour mieux naviguer dans un monde satur\u00e9 d&#8217;informations. Covenant Cultural Engineering d\u00e9veloppe actuellement 2 longs m\u00e9trages de branded entertainment. Ils nous font confiance:<\/p>\n","protected":false},"author":1,"featured_media":0,"parent":0,"menu_order":0,"comment_status":"closed","ping_status":"closed","template":"","meta":{"footnotes":""},"class_list":["post-64","page","type-page","status-publish","hentry"],"_links":{"self":[{"href":"https:\/\/covenant.paris\/index.php?rest_route=\/wp\/v2\/pages\/64","targetHints":{"allow":["GET"]}}],"collection":[{"href":"https:\/\/covenant.paris\/index.php?rest_route=\/wp\/v2\/pages"}],"about":[{"href":"https:\/\/covenant.paris\/index.php?rest_route=\/wp\/v2\/types\/page"}],"author":[{"embeddable":true,"href":"https:\/\/covenant.paris\/index.php?rest_route=\/wp\/v2\/users\/1"}],"replies":[{"embeddable":true,"href":"https:\/\/covenant.paris\/index.php?rest_route=%2Fwp%2Fv2%2Fcomments&post=64"}],"version-history":[{"count":27,"href":"https:\/\/covenant.paris\/index.php?rest_route=\/wp\/v2\/pages\/64\/revisions"}],"predecessor-version":[{"id":361,"href":"https:\/\/covenant.paris\/index.php?rest_route=\/wp\/v2\/pages\/64\/revisions\/361"}],"wp:attachment":[{"href":"https:\/\/covenant.paris\/index.php?rest_route=%2Fwp%2Fv2%2Fmedia&parent=64"}],"curies":[{"name":"wp","href":"https:\/\/api.w.org\/{rel}","templated":true}]}}